{"id":2069,"date":"2019-10-04T12:04:58","date_gmt":"2019-10-04T10:04:58","guid":{"rendered":"http:\/\/localhost\/paris_bruxelles\/?page_id=2069"},"modified":"2023-01-12T13:35:58","modified_gmt":"2023-01-12T12:35:58","slug":"mentions-legales","status":"publish","type":"page","link":"https:\/\/www.hotelparisbruxelles.fr\/es\/mentions-legales\/","title":{"rendered":"Informaci\u00f3n jur\u00eddica"},"content":{"rendered":"<h3>Editorial<\/h3>\n<p>El sitio web accesible, en particular, en la direcci\u00f3n https:\/\/www.hotelparisbruxelles.fr\/<br \/>\n(en lo sucesivo, el &#8220;Sitio&#8221;) es publicado por la sociedad SOC EXPLOITATION PARIS BRUXELLES HOTEL, sociedad an\u00f3nima con un capital social de 7.622,45 euros, inscrita en el Registro Mercantil y de Sociedades de Par\u00eds con el n\u00famero 35005514100013 y con domicilio social en 4 RUE MESLAY 75003 PAR\u00cdS; n\u00famero de tel\u00e9fono + 33 1 42 72 71 32 (en lo sucesivo, el &#8220;H\u00f4tel Paris Bruxelles&#8221;).<br \/>\nEl Sitio ha sido creado por la empresa Agence Twelty by KEYIKO, 21 rue saint Philippe, 06300 Niza; n\u00famero de tel\u00e9fono: +33 (0)4 22 13 29 82.<br \/>\nP\u00e1gina web oficial: www.agencetwelty &#8211; Director de publicaci\u00f3n: Fangnigbe Loic<\/p>\n<p>El acceso al Sitio y el uso de su contenido est\u00e1n sujetos a las condiciones de uso que se describen a continuaci\u00f3n. Al acceder y navegar por el Sitio, el internauta acepta sin reservas los siguientes datos:<\/p>\n<h3>Propiedad intelectual<\/h3>\n<p>El Sitio en su conjunto, as\u00ed como cada uno de los elementos que lo componen (en particular, textos, diagramas, estructuras arborescentes, software, animaciones, im\u00e1genes, fotograf\u00edas, ilustraciones, v\u00eddeos, representaciones gr\u00e1ficas o editoriales, logotipos, etc.) constituyen obras intelectuales protegidas por el C\u00f3digo de la Propiedad Intelectual franc\u00e9s, as\u00ed como por cualquier otra legislaci\u00f3n internacional aplicable.<\/p>\n<p>H\u00f4tel Paris Bruxelles es el \u00fanico habilitado (directamente o a trav\u00e9s de licencias o autorizaciones) para utilizar los elementos que componen el Sitio, los nombres de dominio, marcas, modelos, etc., as\u00ed como las im\u00e1genes y contenidos editoriales reproducidos en el mismo.<\/p>\n<p>Queda terminantemente prohibida la utilizaci\u00f3n total o parcial del Sitio, en particular mediante descarga, reproducci\u00f3n, transmisi\u00f3n, representaci\u00f3n o difusi\u00f3n con fines distintos de la consulta y el uso del Sitio a t\u00edtulo personal y privado por parte del internauta con fines no comerciales. La infracci\u00f3n de estas disposiciones expone a su autor a las sanciones previstas tanto por el C\u00f3digo de la Propiedad Intelectual, en particular en materia de violaci\u00f3n de los derechos de autor y de los derechos de marca, como por el C\u00f3digo Civil en materia de responsabilidad civil.<\/p>\n<p>Queda prohibida la creaci\u00f3n de cualquier enlace de hipertexto hacia cualquiera de las p\u00e1ginas web o elementos que componen el Sitio sin la autorizaci\u00f3n previa y por escrito del H\u00f4tel Paris Bruxelles, autorizaci\u00f3n que podr\u00e1 ser revocada en cualquier momento. Cualquier contenido, sitio de Internet u otro sitio con un enlace de hipertexto al Sitio o a cualquiera de sus componentes no est\u00e1 bajo el control del H\u00f4tel Paris Bruxelles, que, en consecuencia, declina toda responsabilidad (en particular, la responsabilidad editorial) relativa al acceso a estos sitios y a su contenido.<\/p>\n<h3>Disponibilidad del emplazamiento<\/h3>\n<p>El H\u00f4tel Paris Bruxelles hace todo lo posible por mantener el Sitio accesible de forma permanente, pero no est\u00e1 obligado a ello. Por consiguiente, el H\u00f4tel Paris Bruxelles podr\u00e1 interrumpir el acceso al Sitio, en particular con fines de mantenimiento o actualizaci\u00f3n, o por cualquier otro motivo, en particular t\u00e9cnico o editorial, sin previo aviso ni informaci\u00f3n a los internautas, y el H\u00f4tel Paris Bruxelles no podr\u00e1 ser considerado responsable de las consecuencias de dichas interrupciones, ni para los internautas ni para terceros.<\/p>\n<p>Adem\u00e1s, el H\u00f4tel Paris Bruxelles no podr\u00e1 ser considerado responsable si los internautas no pueden acceder a la totalidad o a parte del Sitio debido a cualquier fallo o problema t\u00e9cnico, en particular y no exclusivamente relacionado con<\/p>\n<p>un fallo y\/o congesti\u00f3n de la red de Internet,<br \/>\nun fallo de los proveedores de acceso a Internet,<br \/>\nerror humano o el\u00e9ctrico,<br \/>\ncualquier intervenci\u00f3n malintencionada,<br \/>\ncualquier fallo de software o hardware,<br \/>\nun caso de fuerza mayor.<\/p>\n<h3>Responsabilidad<\/h3>\n<p>H\u00f4tel Paris Bruxelles hace todo lo posible para que la informaci\u00f3n publicada en el Sitio sea exacta y est\u00e9 actualizada, y se reserva el derecho de modificar el contenido del Sitio en cualquier momento y sin previo aviso.<\/p>\n<p>Sin embargo, el H\u00f4tel Paris Bruxelles no puede garantizar la exactitud, la precisi\u00f3n y la exhaustividad de la informaci\u00f3n puesta a disposici\u00f3n en el Sitio, informaci\u00f3n que no constituye una garant\u00eda o un compromiso por parte del H\u00f4tel Paris Bruxelles con respecto al internauta. En particular, este \u00faltimo no ser\u00e1 responsable de :<\/p>\n<p>cualquier imprecisi\u00f3n, inexactitud u omisi\u00f3n en dicha informaci\u00f3n ;<br \/>\ncualquier da\u00f1o resultante de la intrusi\u00f3n inform\u00e1tica de un tercero que provoque la modificaci\u00f3n de dicha informaci\u00f3n; y, de forma m\u00e1s general, cualquier da\u00f1o, directo o indirecto, cualquiera que sea su causa, origen, naturaleza o consecuencias, relacionado con el acceso (o la imposibilidad de acceder al Sitio), el contenido, el uso del Sitio y\/o el cr\u00e9dito dado a cualquier informaci\u00f3n procedente de este \u00faltimo<\/p>\n","protected":false},"excerpt":{"rendered":"<p>Editorial El sitio web accesible, en particular, en la direcci\u00f3n https:\/\/www.hotelparisbruxelles.fr\/ (en lo sucesivo, el &#8220;Sitio&#8221;) es publicado por la sociedad SOC EXPLOITATION PARIS BRUXELLES HOTEL, sociedad an\u00f3nima con un capital social de 7.622,45 euros, inscrita en el Registro Mercantil y de Sociedades de Par\u00eds con el n\u00famero 35005514100013 y con domicilio social en 4 [&hellip;]<\/p>\n","protected":false},"author":1,"featured_media":0,"parent":0,"menu_order":0,"comment_status":"closed","ping_status":"closed","template":"own_widget.php","meta":{"_acf_changed":false,"_monsterinsights_skip_tracking":false,"_monsterinsights_sitenote_active":false,"_monsterinsights_sitenote_note":"","_monsterinsights_sitenote_category":0,"footnotes":""},"class_list":["post-2069","page","type-page","status-publish","hentry"],"acf":[],"yoast_head":"<!-- This site is optimized with the Yoast SEO plugin v24.0 - https:\/\/yoast.com\/wordpress\/plugins\/seo\/ -->\n<title>Informaci\u00f3n jur\u00eddica - Hotel paris bruxelles | Site Officiel<\/title>\n<meta name=\"description\" content=\"En plein centre de Paris, \u00e0 deux pas du Centre Pompidou et de Notre Dame, L\u2019H\u00f4tel Paris Bruxelles saura vous offrir le confort dont vous aurez besoin apr\u00e8s de longues balades dans les rues parisiennes\" \/>\n<meta name=\"robots\" content=\"index, follow, max-snippet:-1, max-image-preview:large, max-video-preview:-1\" \/>\n<link rel=\"canonical\" href=\"https:\/\/www.hotelparisbruxelles.fr\/es\/mentions-legales\/\" \/>\n<meta property=\"og:locale\" content=\"es_ES\" \/>\n<meta property=\"og:locale:alternate\" content=\"en_US\" \/>\n<meta property=\"og:locale:alternate\" content=\"fr_FR\" \/>\n<meta property=\"og:type\" content=\"article\" \/>\n<meta property=\"og:title\" content=\"Informaci\u00f3n jur\u00eddica - Hotel paris bruxelles | Site Officiel\" \/>\n<meta property=\"og:description\" content=\"En plein centre de Paris, \u00e0 deux pas du Centre Pompidou et de Notre Dame, L\u2019H\u00f4tel Paris Bruxelles saura vous offrir le confort dont vous aurez besoin apr\u00e8s de longues balades dans les rues parisiennes\" \/>\n<meta property=\"og:url\" content=\"https:\/\/www.hotelparisbruxelles.fr\/es\/mentions-legales\/\" \/>\n<meta property=\"og:site_name\" content=\"Hotel paris bruxelles | Site Officiel\" \/>\n<meta property=\"article:modified_time\" content=\"2023-01-12T12:35:58+00:00\" \/>\n<meta name=\"twitter:card\" content=\"summary_large_image\" \/>\n<meta name=\"twitter:label1\" content=\"Tiempo de lectura\" \/>\n\t<meta name=\"twitter:data1\" content=\"4 minutos\" \/>\n<script type=\"application\/ld+json\" class=\"yoast-schema-graph\">{\"@context\":\"https:\/\/schema.org\",\"@graph\":[{\"@type\":\"WebPage\",\"@id\":\"https:\/\/www.hotelparisbruxelles.fr\/es\/mentions-legales\/\",\"url\":\"https:\/\/www.hotelparisbruxelles.fr\/es\/mentions-legales\/\",\"name\":\"Informaci\u00f3n jur\u00eddica - Hotel paris bruxelles | Site Officiel\",\"isPartOf\":{\"@id\":\"https:\/\/www.hotelparisbruxelles.fr\/en\/#website\"},\"datePublished\":\"2019-10-04T10:04:58+00:00\",\"dateModified\":\"2023-01-12T12:35:58+00:00\",\"description\":\"En plein centre de Paris, \u00e0 deux pas du Centre Pompidou et de Notre Dame, L\u2019H\u00f4tel Paris Bruxelles saura vous offrir le confort dont vous aurez besoin apr\u00e8s de longues balades dans les rues parisiennes\",\"breadcrumb\":{\"@id\":\"https:\/\/www.hotelparisbruxelles.fr\/es\/mentions-legales\/#breadcrumb\"},\"inLanguage\":\"es-ES\",\"potentialAction\":[{\"@type\":\"ReadAction\",\"target\":[\"https:\/\/www.hotelparisbruxelles.fr\/es\/mentions-legales\/\"]}]},{\"@type\":\"BreadcrumbList\",\"@id\":\"https:\/\/www.hotelparisbruxelles.fr\/es\/mentions-legales\/#breadcrumb\",\"itemListElement\":[{\"@type\":\"ListItem\",\"position\":1,\"name\":\"Accueil\",\"item\":\"https:\/\/www.hotelparisbruxelles.fr\/en\/\"},{\"@type\":\"ListItem\",\"position\":2,\"name\":\"Informaci\u00f3n jur\u00eddica\"}]},{\"@type\":\"WebSite\",\"@id\":\"https:\/\/www.hotelparisbruxelles.fr\/en\/#website\",\"url\":\"https:\/\/www.hotelparisbruxelles.fr\/en\/\",\"name\":\"Hotel paris bruxelles | Site Officiel\",\"description\":\"Un h\u00f4tel parisien insonoris\u00e9 et bien situ\u00e9\",\"publisher\":{\"@id\":\"https:\/\/www.hotelparisbruxelles.fr\/en\/#organization\"},\"potentialAction\":[{\"@type\":\"SearchAction\",\"target\":{\"@type\":\"EntryPoint\",\"urlTemplate\":\"https:\/\/www.hotelparisbruxelles.fr\/en\/?s={search_term_string}\"},\"query-input\":{\"@type\":\"PropertyValueSpecification\",\"valueRequired\":true,\"valueName\":\"search_term_string\"}}],\"inLanguage\":\"es-ES\"},{\"@type\":\"Organization\",\"@id\":\"https:\/\/www.hotelparisbruxelles.fr\/en\/#organization\",\"name\":\"H\u00f4tel Paris Bruxelles | Site Officiel\",\"url\":\"https:\/\/www.hotelparisbruxelles.fr\/en\/\",\"logo\":{\"@type\":\"ImageObject\",\"inLanguage\":\"es-ES\",\"@id\":\"https:\/\/www.hotelparisbruxelles.fr\/en\/#\/schema\/logo\/image\/\",\"url\":\"https:\/\/www.hotelparisbruxelles.fr\/wp-content\/uploads\/2019\/10\/HPB.jpg\",\"contentUrl\":\"https:\/\/www.hotelparisbruxelles.fr\/wp-content\/uploads\/2019\/10\/HPB.jpg\",\"width\":1280,\"height\":1098,\"caption\":\"H\u00f4tel Paris Bruxelles | Site Officiel\"},\"image\":{\"@id\":\"https:\/\/www.hotelparisbruxelles.fr\/en\/#\/schema\/logo\/image\/\"}}]}<\/script>\n<!-- \/ Yoast SEO plugin. -->","yoast_head_json":{"title":"Informaci\u00f3n jur\u00eddica - Hotel paris bruxelles | Site Officiel","description":"En plein centre de Paris, \u00e0 deux pas du Centre Pompidou et de Notre Dame, L\u2019H\u00f4tel Paris Bruxelles saura vous offrir le confort dont vous aurez besoin apr\u00e8s de longues balades dans les rues parisiennes","robots":{"index":"index","follow":"follow","max-snippet":"max-snippet:-1","max-image-preview":"max-image-preview:large","max-video-preview":"max-video-preview:-1"},"canonical":"https:\/\/www.hotelparisbruxelles.fr\/es\/mentions-legales\/","og_locale":"es_ES","og_type":"article","og_title":"Informaci\u00f3n jur\u00eddica - Hotel paris bruxelles | Site Officiel","og_description":"En plein centre de Paris, \u00e0 deux pas du Centre Pompidou et de Notre Dame, L\u2019H\u00f4tel Paris Bruxelles saura vous offrir le confort dont vous aurez besoin apr\u00e8s de longues balades dans les rues parisiennes","og_url":"https:\/\/www.hotelparisbruxelles.fr\/es\/mentions-legales\/","og_site_name":"Hotel paris bruxelles | Site Officiel","article_modified_time":"2023-01-12T12:35:58+00:00","twitter_card":"summary_large_image","twitter_misc":{"Tiempo de lectura":"4 minutos"},"schema":{"@context":"https:\/\/schema.org","@graph":[{"@type":"WebPage","@id":"https:\/\/www.hotelparisbruxelles.fr\/es\/mentions-legales\/","url":"https:\/\/www.hotelparisbruxelles.fr\/es\/mentions-legales\/","name":"Informaci\u00f3n jur\u00eddica - Hotel paris bruxelles | Site Officiel","isPartOf":{"@id":"https:\/\/www.hotelparisbruxelles.fr\/en\/#website"},"datePublished":"2019-10-04T10:04:58+00:00","dateModified":"2023-01-12T12:35:58+00:00","description":"En plein centre de Paris, \u00e0 deux pas du Centre Pompidou et de Notre Dame, L\u2019H\u00f4tel Paris Bruxelles saura vous offrir le confort dont vous aurez besoin apr\u00e8s de longues balades dans les rues parisiennes","breadcrumb":{"@id":"https:\/\/www.hotelparisbruxelles.fr\/es\/mentions-legales\/#breadcrumb"},"inLanguage":"es-ES","potentialAction":[{"@type":"ReadAction","target":["https:\/\/www.hotelparisbruxelles.fr\/es\/mentions-legales\/"]}]},{"@type":"BreadcrumbList","@id":"https:\/\/www.hotelparisbruxelles.fr\/es\/mentions-legales\/#breadcrumb","itemListElement":[{"@type":"ListItem","position":1,"name":"Accueil","item":"https:\/\/www.hotelparisbruxelles.fr\/en\/"},{"@type":"ListItem","position":2,"name":"Informaci\u00f3n jur\u00eddica"}]},{"@type":"WebSite","@id":"https:\/\/www.hotelparisbruxelles.fr\/en\/#website","url":"https:\/\/www.hotelparisbruxelles.fr\/en\/","name":"Hotel paris bruxelles | Site Officiel","description":"Un h\u00f4tel parisien insonoris\u00e9 et bien situ\u00e9","publisher":{"@id":"https:\/\/www.hotelparisbruxelles.fr\/en\/#organization"},"potentialAction":[{"@type":"SearchAction","target":{"@type":"EntryPoint","urlTemplate":"https:\/\/www.hotelparisbruxelles.fr\/en\/?s={search_term_string}"},"query-input":{"@type":"PropertyValueSpecification","valueRequired":true,"valueName":"search_term_string"}}],"inLanguage":"es-ES"},{"@type":"Organization","@id":"https:\/\/www.hotelparisbruxelles.fr\/en\/#organization","name":"H\u00f4tel Paris Bruxelles | Site Officiel","url":"https:\/\/www.hotelparisbruxelles.fr\/en\/","logo":{"@type":"ImageObject","inLanguage":"es-ES","@id":"https:\/\/www.hotelparisbruxelles.fr\/en\/#\/schema\/logo\/image\/","url":"https:\/\/www.hotelparisbruxelles.fr\/wp-content\/uploads\/2019\/10\/HPB.jpg","contentUrl":"https:\/\/www.hotelparisbruxelles.fr\/wp-content\/uploads\/2019\/10\/HPB.jpg","width":1280,"height":1098,"caption":"H\u00f4tel Paris Bruxelles | Site Officiel"},"image":{"@id":"https:\/\/www.hotelparisbruxelles.fr\/en\/#\/schema\/logo\/image\/"}}]}},"_links":{"self":[{"href":"https:\/\/www.hotelparisbruxelles.fr\/es\/wp-json\/wp\/v2\/pages\/2069","targetHints":{"allow":["GET"]}}],"collection":[{"href":"https:\/\/www.hotelparisbruxelles.fr\/es\/wp-json\/wp\/v2\/pages"}],"about":[{"href":"https:\/\/www.hotelparisbruxelles.fr\/es\/wp-json\/wp\/v2\/types\/page"}],"author":[{"embeddable":true,"href":"https:\/\/www.hotelparisbruxelles.fr\/es\/wp-json\/wp\/v2\/users\/1"}],"replies":[{"embeddable":true,"href":"https:\/\/www.hotelparisbruxelles.fr\/es\/wp-json\/wp\/v2\/comments?post=2069"}],"version-history":[{"count":16,"href":"https:\/\/www.hotelparisbruxelles.fr\/es\/wp-json\/wp\/v2\/pages\/2069\/revisions"}],"predecessor-version":[{"id":2233,"href":"https:\/\/www.hotelparisbruxelles.fr\/es\/wp-json\/wp\/v2\/pages\/2069\/revisions\/2233"}],"wp:attachment":[{"href":"https:\/\/www.hotelparisbruxelles.fr\/es\/wp-json\/wp\/v2\/media?parent=2069"}],"curies":[{"name":"wp","href":"https:\/\/api.w.org\/{rel}","templated":true}]}}