{"id":1949,"date":"2017-08-22T14:33:43","date_gmt":"2017-08-22T14:33:43","guid":{"rendered":"https:\/\/cyclonethemes.com\/demo_staging\/hotelica-pro\/?page_id=2"},"modified":"2020-02-27T16:42:49","modified_gmt":"2020-02-27T15:42:49","slug":"homepage","status":"publish","type":"page","link":"https:\/\/www.hotelparisbruxelles.fr\/en\/","title":{"rendered":"Accueil"},"content":{"rendered":"","protected":false},"excerpt":{"rendered":"","protected":false},"author":1,"featured_media":0,"parent":0,"menu_order":0,"comment_status":"closed","ping_status":"open","template":"page-templates\/homepage.php","meta":{"_acf_changed":false,"_monsterinsights_skip_tracking":false,"_monsterinsights_sitenote_active":false,"_monsterinsights_sitenote_note":"","_monsterinsights_sitenote_category":0,"footnotes":""},"class_list":["post-1949","page","type-page","status-publish","hentry"],"acf":[],"yoast_head":"<!-- This site is optimized with the Yoast SEO plugin v24.0 - https:\/\/yoast.com\/wordpress\/plugins\/seo\/ -->\n<title>Accueil - Hotel paris bruxelles | Site Officiel<\/title>\n<meta name=\"description\" content=\"En plein centre de Paris, \u00e0 deux pas du Centre Pompidou et de Notre Dame, L\u2019H\u00f4tel Paris Bruxelles saura vous offrir le confort dont vous aurez besoin apr\u00e8s de longues balades dans les rues parisiennes\" \/>\n<meta name=\"robots\" content=\"index, follow, max-snippet:-1, max-image-preview:large, max-video-preview:-1\" \/>\n<link rel=\"canonical\" href=\"https:\/\/www.hotelparisbruxelles.fr\/en\/\" \/>\n<meta property=\"og:locale\" content=\"en_US\" \/>\n<meta property=\"og:locale:alternate\" content=\"fr_FR\" \/>\n<meta property=\"og:locale:alternate\" content=\"es_ES\" \/>\n<meta property=\"og:type\" content=\"article\" \/>\n<meta property=\"og:title\" content=\"Accueil - Hotel paris bruxelles | Site Officiel\" \/>\n<meta property=\"og:description\" content=\"En plein centre de Paris, \u00e0 deux pas du Centre Pompidou et de Notre Dame, L\u2019H\u00f4tel Paris Bruxelles saura vous offrir le confort dont vous aurez besoin apr\u00e8s de longues balades dans les rues parisiennes\" \/>\n<meta property=\"og:url\" content=\"https:\/\/www.hotelparisbruxelles.fr\/en\/\" \/>\n<meta property=\"og:site_name\" content=\"Hotel paris bruxelles | Site Officiel\" \/>\n<meta property=\"article:modified_time\" content=\"2020-02-27T15:42:49+00:00\" \/>\n<meta name=\"twitter:card\" content=\"summary_large_image\" \/>\n<script type=\"application\/ld+json\" class=\"yoast-schema-graph\">{\"@context\":\"https:\/\/schema.org\",\"@graph\":[{\"@type\":\"WebPage\",\"@id\":\"https:\/\/www.hotelparisbruxelles.fr\/en\/\",\"url\":\"https:\/\/www.hotelparisbruxelles.fr\/en\/\",\"name\":\"Accueil - Hotel paris bruxelles | Site Officiel\",\"isPartOf\":{\"@id\":\"https:\/\/www.hotelparisbruxelles.fr\/en\/#website\"},\"datePublished\":\"2017-08-22T14:33:43+00:00\",\"dateModified\":\"2020-02-27T15:42:49+00:00\",\"description\":\"En plein centre de Paris, \u00e0 deux pas du Centre Pompidou et de Notre Dame, L\u2019H\u00f4tel Paris Bruxelles saura vous offrir le confort dont vous aurez besoin apr\u00e8s de longues balades dans les rues parisiennes\",\"breadcrumb\":{\"@id\":\"https:\/\/www.hotelparisbruxelles.fr\/en\/#breadcrumb\"},\"inLanguage\":\"en-US\",\"potentialAction\":[{\"@type\":\"ReadAction\",\"target\":[\"https:\/\/www.hotelparisbruxelles.fr\/en\/\"]}]},{\"@type\":\"BreadcrumbList\",\"@id\":\"https:\/\/www.hotelparisbruxelles.fr\/en\/#breadcrumb\",\"itemListElement\":[{\"@type\":\"ListItem\",\"position\":1,\"name\":\"Accueil\",\"item\":\"https:\/\/www.hotelparisbruxelles.fr\/en\/\"},{\"@type\":\"ListItem\",\"position\":2,\"name\":\"Accueil\"}]},{\"@type\":\"WebSite\",\"@id\":\"https:\/\/www.hotelparisbruxelles.fr\/en\/#website\",\"url\":\"https:\/\/www.hotelparisbruxelles.fr\/en\/\",\"name\":\"Hotel paris bruxelles | Site Officiel\",\"description\":\"Un h\u00f4tel parisien insonoris\u00e9 et bien situ\u00e9\",\"publisher\":{\"@id\":\"https:\/\/www.hotelparisbruxelles.fr\/en\/#organization\"},\"potentialAction\":[{\"@type\":\"SearchAction\",\"target\":{\"@type\":\"EntryPoint\",\"urlTemplate\":\"https:\/\/www.hotelparisbruxelles.fr\/en\/?s={search_term_string}\"},\"query-input\":{\"@type\":\"PropertyValueSpecification\",\"valueRequired\":true,\"valueName\":\"search_term_string\"}}],\"inLanguage\":\"en-US\"},{\"@type\":\"Organization\",\"@id\":\"https:\/\/www.hotelparisbruxelles.fr\/en\/#organization\",\"name\":\"H\u00f4tel Paris Bruxelles | Site Officiel\",\"url\":\"https:\/\/www.hotelparisbruxelles.fr\/en\/\",\"logo\":{\"@type\":\"ImageObject\",\"inLanguage\":\"en-US\",\"@id\":\"https:\/\/www.hotelparisbruxelles.fr\/en\/#\/schema\/logo\/image\/\",\"url\":\"https:\/\/www.hotelparisbruxelles.fr\/wp-content\/uploads\/2019\/10\/HPB.jpg\",\"contentUrl\":\"https:\/\/www.hotelparisbruxelles.fr\/wp-content\/uploads\/2019\/10\/HPB.jpg\",\"width\":1280,\"height\":1098,\"caption\":\"H\u00f4tel Paris Bruxelles | Site Officiel\"},\"image\":{\"@id\":\"https:\/\/www.hotelparisbruxelles.fr\/en\/#\/schema\/logo\/image\/\"}}]}<\/script>\n<!-- \/ Yoast SEO plugin. -->","yoast_head_json":{"title":"Accueil - Hotel paris bruxelles | Site Officiel","description":"En plein centre de Paris, \u00e0 deux pas du Centre Pompidou et de Notre Dame, L\u2019H\u00f4tel Paris Bruxelles saura vous offrir le confort dont vous aurez besoin apr\u00e8s de longues balades dans les rues parisiennes","robots":{"index":"index","follow":"follow","max-snippet":"max-snippet:-1","max-image-preview":"max-image-preview:large","max-video-preview":"max-video-preview:-1"},"canonical":"https:\/\/www.hotelparisbruxelles.fr\/en\/","og_locale":"en_US","og_type":"article","og_title":"Accueil - Hotel paris bruxelles | Site Officiel","og_description":"En plein centre de Paris, \u00e0 deux pas du Centre Pompidou et de Notre Dame, L\u2019H\u00f4tel Paris Bruxelles saura vous offrir le confort dont vous aurez besoin apr\u00e8s de longues balades dans les rues parisiennes","og_url":"https:\/\/www.hotelparisbruxelles.fr\/en\/","og_site_name":"Hotel paris bruxelles | Site Officiel","article_modified_time":"2020-02-27T15:42:49+00:00","twitter_card":"summary_large_image","schema":{"@context":"https:\/\/schema.org","@graph":[{"@type":"WebPage","@id":"https:\/\/www.hotelparisbruxelles.fr\/en\/","url":"https:\/\/www.hotelparisbruxelles.fr\/en\/","name":"Accueil - Hotel paris bruxelles | Site Officiel","isPartOf":{"@id":"https:\/\/www.hotelparisbruxelles.fr\/en\/#website"},"datePublished":"2017-08-22T14:33:43+00:00","dateModified":"2020-02-27T15:42:49+00:00","description":"En plein centre de Paris, \u00e0 deux pas du Centre Pompidou et de Notre Dame, L\u2019H\u00f4tel Paris Bruxelles saura vous offrir le confort dont vous aurez besoin apr\u00e8s de longues balades dans les rues parisiennes","breadcrumb":{"@id":"https:\/\/www.hotelparisbruxelles.fr\/en\/#breadcrumb"},"inLanguage":"en-US","potentialAction":[{"@type":"ReadAction","target":["https:\/\/www.hotelparisbruxelles.fr\/en\/"]}]},{"@type":"BreadcrumbList","@id":"https:\/\/www.hotelparisbruxelles.fr\/en\/#breadcrumb","itemListElement":[{"@type":"ListItem","position":1,"name":"Accueil","item":"https:\/\/www.hotelparisbruxelles.fr\/en\/"},{"@type":"ListItem","position":2,"name":"Accueil"}]},{"@type":"WebSite","@id":"https:\/\/www.hotelparisbruxelles.fr\/en\/#website","url":"https:\/\/www.hotelparisbruxelles.fr\/en\/","name":"Hotel paris bruxelles | Site Officiel","description":"Un h\u00f4tel parisien insonoris\u00e9 et bien situ\u00e9","publisher":{"@id":"https:\/\/www.hotelparisbruxelles.fr\/en\/#organization"},"potentialAction":[{"@type":"SearchAction","target":{"@type":"EntryPoint","urlTemplate":"https:\/\/www.hotelparisbruxelles.fr\/en\/?s={search_term_string}"},"query-input":{"@type":"PropertyValueSpecification","valueRequired":true,"valueName":"search_term_string"}}],"inLanguage":"en-US"},{"@type":"Organization","@id":"https:\/\/www.hotelparisbruxelles.fr\/en\/#organization","name":"H\u00f4tel Paris Bruxelles | Site Officiel","url":"https:\/\/www.hotelparisbruxelles.fr\/en\/","logo":{"@type":"ImageObject","inLanguage":"en-US","@id":"https:\/\/www.hotelparisbruxelles.fr\/en\/#\/schema\/logo\/image\/","url":"https:\/\/www.hotelparisbruxelles.fr\/wp-content\/uploads\/2019\/10\/HPB.jpg","contentUrl":"https:\/\/www.hotelparisbruxelles.fr\/wp-content\/uploads\/2019\/10\/HPB.jpg","width":1280,"height":1098,"caption":"H\u00f4tel Paris Bruxelles | Site Officiel"},"image":{"@id":"https:\/\/www.hotelparisbruxelles.fr\/en\/#\/schema\/logo\/image\/"}}]}},"_links":{"self":[{"href":"https:\/\/www.hotelparisbruxelles.fr\/en\/wp-json\/wp\/v2\/pages\/1949","targetHints":{"allow":["GET"]}}],"collection":[{"href":"https:\/\/www.hotelparisbruxelles.fr\/en\/wp-json\/wp\/v2\/pages"}],"about":[{"href":"https:\/\/www.hotelparisbruxelles.fr\/en\/wp-json\/wp\/v2\/types\/page"}],"author":[{"embeddable":true,"href":"https:\/\/www.hotelparisbruxelles.fr\/en\/wp-json\/wp\/v2\/users\/1"}],"replies":[{"embeddable":true,"href":"https:\/\/www.hotelparisbruxelles.fr\/en\/wp-json\/wp\/v2\/comments?post=1949"}],"version-history":[{"count":1,"href":"https:\/\/www.hotelparisbruxelles.fr\/en\/wp-json\/wp\/v2\/pages\/1949\/revisions"}],"predecessor-version":[{"id":2159,"href":"https:\/\/www.hotelparisbruxelles.fr\/en\/wp-json\/wp\/v2\/pages\/1949\/revisions\/2159"}],"wp:attachment":[{"href":"https:\/\/www.hotelparisbruxelles.fr\/en\/wp-json\/wp\/v2\/media?parent=1949"}],"curies":[{"name":"wp","href":"https:\/\/api.w.org\/{rel}","templated":true}]}}